{"id":68,"date":"2024-10-17T14:01:29","date_gmt":"2024-10-17T12:01:29","guid":{"rendered":"https:\/\/www.profiautopflege-schumacher.de\/?page_id=68"},"modified":"2024-12-11T10:12:19","modified_gmt":"2024-12-11T09:12:19","slug":"dienstleistungen","status":"publish","type":"page","link":"https:\/\/www.profiautopflege-schumacher.de\/?page_id=68","title":{"rendered":"Dienstleistungen"},"content":{"rendered":"<h1><span>Perfekte Pflege f\u00fcr Ihr Fahrzeug: Profi-Autopflege Schumacher in Siegburg<\/span><\/h1>\n<hr>\n<div>\n<p><span>Bei der Profi-Autopflege Schumacher in Siegburg steht Ihr Fahrzeug im Mittelpunkt. Unser erfahrenes Team bietet Ihnen eine umfassende Palette an Dienstleistungen, die von gr\u00fcndlichen Innen- und Au\u00dfenreinigungen bis hin zu speziellen Lackaufbereitungen und Versiegelungen reichen. Mit modernster Technik und hochwertigen Pflegeprodukten sorgen wir daf\u00fcr, dass Ihr Auto in neuem Glanz erstrahlt und optimal gesch\u00fctzt ist. Vertrauen Sie auf unsere Expertise und lassen Sie sich von unserem erstklassigen Service \u00fcberzeugen.<\/span><\/p>\n<\/div>\n<hr>\n<ul>\n<li>\n<h3>Politur<\/h3>\n<div>\n<p>Fahrzeugw\u00e4sche mit Vorreiniger,<\/p>\n<p>Entfetten<\/p>\n<p>Verschiedene Polierpasten verwenden.<\/p>\n<p>Wachs Versiegelung auftragen<\/p>\n<\/div>\n<\/li>\n<li>\n<h3>Ozonbehandlung<\/h3>\n<div>\n<p>Innenraum mit Ozon behandeln<\/p>\n<\/div>\n<\/li>\n<li>\n<h3>Lackpolitur<\/h3>\n<div>\n<p>Lackpolitur des gesamten Fahrzeugs<\/p>\n<p>Reinigung und Versiegelung der<br \/>Kunststoffteile<\/p>\n<p>Felgenreinigung<\/p>\n<p>Reifen mit Reifenschaum behandeln<\/p>\n<\/div>\n<\/li>\n<li>\n<h3>Motorraum-Versiegeln mit Antimarderspray<\/h3>\n<div>\n<p>Motorraum reinigen.<\/p>\n<p>Trocknen.<\/p>\n<p>Spezialspray auftragen.<\/p>\n<\/div>\n<\/li>\n<li>\n<h3>Keramikversiegelung PKW<\/h3>\n<div>\n<p>Handw\u00e4sche mit Vorreiniger.<\/p>\n<p>Politur mit verschiedenen Schleifgraden.<\/p>\n<p>Vorversiegeln<\/p>\n<p>Hauptversiegelung<\/p>\n<\/div>\n<\/li>\n<li>\n<h3>Innen- und Au\u00dfen Reinigung, Politur PKW<\/h3>\n<div>\n<p>Innenraum saugen.<\/p>\n<p>Alle Oberfl\u00e4chen mit Reinigungspistole s\u00e4ubern.<\/p>\n<p>Au\u00dfen W\u00e4sche mit Vorreiniger inklusive Einstiege von Hand.<\/p>\n<p>Scheiben von innen und au\u00dfen reinigen.<\/p>\n<p>Politur der gesamten Lackoberfl\u00e4che<\/p>\n<p>Wachs Versiegelung<\/p>\n<\/div>\n<\/li>\n<li>\n<h3>Hol und Bring Service<\/h3>\n<div>\n<p>Fahrzeug abholen und bringen.<\/p>\n<\/div>\n<\/li>\n<li>\n<h3>Fahrzeug abholen und bringen.<\/h3>\n<div>\n<p>Handw\u00e4sche mit Vorreiniger.<\/p>\n<p>Trocknung Lackoberfl\u00e4che<\/p>\n<p>Wachsversiegelung mit Maschine oder von Hand<\/p>\n<p>Reinigung der Scheiben von innen und au\u00dfen<\/p>\n<\/div>\n<\/li>\n<li>\n<h3>Geruchsentfernung mit Ozonbehandlung<\/h3>\n<div>\n<p>Innenraum saugen<\/p>\n<p>Polster Reinigen und mit Extraktionsger\u00e4t absaugen<\/p>\n<p>Alle Oberfl\u00e4chen mit Reinigungspistole s\u00e4ubern.<\/p>\n<p>Au\u00dfenw\u00e4sche mit Glanzshampoo inklusive Einstiege von Hand.<\/p>\n<p>Scheiben von innen und au\u00dfen reinigen<\/p>\n<p>Geruchsabsorber auf alle Polster und Fl\u00e4chen aufbringen<\/p>\n<p>Ozon Behandlung<\/p>\n<\/div>\n<\/li>\n<li>\n<h3>Aufkleberentfernung<\/h3>\n<div>\n<p>Die Aufkleber entfernt und stelle mit Politur bearbeitet<\/p>\n<\/div>\n<\/li>\n<li>\n<h3>Cabrioverdeckreinigung \/ Versiegeln \/ Handw\u00e4sche inklusive<\/h3>\n<div>\n<p>Verdeck mit Spezialb\u00fcrste und Reiniger reinigen<\/p>\n<p>Trocknen und dann versiegeln<\/p>\n<\/div>\n<\/li>\n<li>\n<h3>Fahrzeugreinigung \u201eEinfach\u201c Waschen und Saugen<\/h3>\n<div>\n<p>Innenraum saugen<\/p>\n<p>Alle Oberfl\u00e4chen mit Reinigungspistole s\u00e4ubern<\/p>\n<p>Au\u00dfen W\u00e4sche mit Glanzshampoo inklusive Einstiege von Hand.<\/p>\n<p>Scheiben von innen und au\u00dfen reinigen.<\/p>\n<\/div>\n<\/li>\n<\/ul>\n<ul>\n<li>\n<h3>Lederpflege<\/h3>\n<div>\n<p>Leder reinigen<\/p>\n<p>Lederpflege einarbeiten und ab polieren<\/p>\n<\/div>\n<\/li>\n<li>\n<h3>Lackieren<\/h3>\n<div>\n<p>Oberfl\u00e4che vorbereiten und Lackieren<\/p>\n<\/div>\n<\/li>\n<li>\n<h3>Klimaanlage Desinfektion<\/h3>\n<div>\n<p>Reinigung durch Ozon oder Spezialmittel<\/p>\n<\/div>\n<\/li>\n<li>\n<h3>Kindersitzreinigung<\/h3>\n<div>\n<p>Reinigung mit Reinigungspistole und Reiniger<\/p>\n<\/div>\n<\/li>\n<li>\n<h3>Scheinwerfer Aufarbeitung<\/h3>\n<div>\n<p>Oberfl\u00e4che mit Schleifpapier gleichm\u00e4\u00dfig angeschliffen und dann mit verschiedenen Schleifpasten aufpoliert.<\/p>\n<\/div>\n<\/li>\n<li>\n<h3>Folierung entfernen<\/h3>\n<div>\n<p>Folierung vom gesamten Fahrzeug entfernen<\/p>\n<\/div>\n<\/li>\n<li>\n<h3>Felgenreinigung<\/h3>\n<div>\n<p>Felgen von Hand mit Spezialreiniger reinigen.<\/p>\n<\/div>\n<\/li>\n<li>\n<h3>Fahrzeug Folierung<\/h3>\n<div>\n<p>Folierung vom gesamten Fahrzeug inklusive Vorarbeiten.<\/p>\n<\/div>\n<\/li>\n<li>\n<h3>Brandlochbeseitigung<\/h3>\n<div>\n<p>Reparatur Brandloch<\/p>\n<\/div>\n<\/li>\n<li>\n<h3>Autoaufbereiterschulung<\/h3>\n<div>\n<p>Anwendung:<\/p>\n<p>Innenraumreiniger<\/p>\n<p>Vorreiniger<\/p>\n<p>Reiniger Anwendung Allgemein<\/p>\n<p>Innenraumreinigen<\/p>\n<p>Politur \/ Lackaufbereitung<\/p>\n<p>Hochwertige Versiegelungen<\/p>\n<p>Produktschulung<\/p>\n<\/div>\n<\/li>\n<li>\n<h3>Dellen beseitigen<\/h3>\n<div>\n<p>Die Delle wird kalt gedr\u00fcckt ohne Lackierung<\/p>\n<\/div>\n<\/li>\n<li>\n<h3>Fahrzeugreinigung \u201eintensiv\u201c inklusive W\u00e4sche<\/h3>\n<div>\n<p>Innenraum saugen<\/p>\n<p>Polster Reinigen und mit Extrationsger\u00e4t absaugen<\/p>\n<p>Alle Oberfl\u00e4chen mit Reinigungspistole s\u00e4ubern<\/p>\n<p>Au\u00dfen W\u00e4sche mit Glanzshampoo inklusive Einstiege von Hand.<\/p>\n<p>Scheiben von innen und au\u00dfen reinigen.<\/p>\n<\/div>\n<\/li>\n<\/ul>\n<ul>\n<li>\n<p>        <img decoding=\"async\" src=\"\/wp-content\/uploads\/2024\/12\/20396-scaled.jpg\" alt=\"\"><\/p>\n<\/li>\n<li>\n<p>        <img decoding=\"async\" src=\"\/wp-content\/uploads\/2024\/12\/20403-scaled.jpg\" alt=\"\"><\/p>\n<\/li>\n<li>\n<p>        <img decoding=\"async\" src=\"\/wp-content\/uploads\/2024\/12\/20396-Kopie-scaled.jpg\" alt=\"\"><\/p>\n<\/li>\n<li>\n<p>        <img decoding=\"async\" src=\"\/wp-content\/uploads\/2024\/12\/18454-scaled.jpg\" alt=\"\"><\/p>\n<\/li>\n<li>\n<p>        <img decoding=\"async\" src=\"\/wp-content\/uploads\/2024\/12\/18453-scaled.jpg\" alt=\"\"><\/p>\n<\/li>\n<li>\n<p>        <img decoding=\"async\" src=\"\/wp-content\/uploads\/2024\/12\/18451-scaled.jpg\" alt=\"\"><\/p>\n<\/li>\n<li>\n<p>        <img decoding=\"async\" src=\"\/wp-content\/uploads\/2024\/12\/23122-scaled.jpg\" alt=\"\"><\/p>\n<\/li>\n<li>\n<p>        <img decoding=\"async\" src=\"\/wp-content\/uploads\/2024\/12\/23123-Kopie-scaled.jpg\" alt=\"\"><\/p>\n<\/li>\n<li>\n<p>        <img decoding=\"async\" src=\"\/wp-content\/uploads\/2024\/12\/20394-scaled.jpg\" alt=\"\"><\/p>\n<\/li>\n<\/ul>\n<p><!--more--><br \/>\n<!-- {\"type\":\"layout\",\"children\":[{\"type\":\"section\",\"props\":{\"image_position\":\"center-center\",\"style\":\"default\",\"title_breakpoint\":\"xl\",\"title_position\":\"top-left\",\"title_rotation\":\"left\",\"vertical_align\":\"middle\",\"width\":\"default\"},\"children\":[{\"type\":\"row\",\"children\":[{\"type\":\"column\",\"props\":{\"image_position\":\"center-center\",\"position_sticky_breakpoint\":\"m\"},\"children\":[{\"type\":\"headline\",\"props\":{\"content\":\"<span>Perfekte Pflege f\\u00fcr Ihr Fahrzeug: Profi-Autopflege Schumacher in Siegburg<\\\/span>\",\"title_element\":\"h1\"}},{\"type\":\"divider\",\"props\":{\"divider_element\":\"hr\",\"divider_style\":\"icon\"}},{\"type\":\"text\",\"props\":{\"column_breakpoint\":\"m\",\"content\":\"\n\n<p><span>Bei der Profi-Autopflege Schumacher in Siegburg steht Ihr Fahrzeug im Mittelpunkt. Unser erfahrenes Team bietet Ihnen eine umfassende Palette an Dienstleistungen, die von gr\\u00fcndlichen Innen- und Au\\u00dfenreinigungen bis hin zu speziellen Lackaufbereitungen und Versiegelungen reichen. Mit modernster Technik und hochwertigen Pflegeprodukten sorgen wir daf\\u00fcr, dass Ihr Auto in neuem Glanz erstrahlt und optimal gesch\\u00fctzt ist. Vertrauen Sie auf unsere Expertise und lassen Sie sich von unserem erstklassigen Service \\u00fcberzeugen.<\\\/span><\\\/p>\",\"margin\":\"default\",\"text_style\":\"lead\"}}]}]},{\"type\":\"row\",\"children\":[{\"type\":\"column\",\"props\":{\"image_position\":\"center-center\",\"position_sticky_breakpoint\":\"m\"},\"children\":[{\"type\":\"divider\",\"props\":{\"divider_element\":\"hr\",\"divider_style\":\"icon\"}}]}]},{\"type\":\"row\",\"props\":{\"layout\":\"1-2,1-2\"},\"children\":[{\"type\":\"column\",\"props\":{\"image_position\":\"center-center\",\"position_sticky_breakpoint\":\"m\",\"width_medium\":\"1-2\"},\"children\":[{\"type\":\"accordion\",\"props\":{\"collapsible\":true,\"content_column_breakpoint\":\"m\",\"content_style\":\"meta\",\"image_align\":\"top\",\"image_grid_breakpoint\":\"m\",\"image_grid_width\":\"1-2\",\"image_svg_color\":\"emphasis\",\"link_style\":\"default\",\"link_text\":\"Read more\",\"multiple\":true,\"show_image\":true,\"show_link\":true},\"children\":[{\"type\":\"accordion_item\",\"props\":{\"content\":\"\n\n<p>Fahrzeugw\\u00e4sche mit Vorreiniger,<\\\/p>\\n\n\n<p>Entfetten<\\\/p>\\n\n\n<p>Verschiedene Polierpasten verwenden.<\\\/p>\\n\n\n<p>Wachs Versiegelung auftragen<\\\/p>\",\"title\":\"Politur\"}},{\"type\":\"accordion_item\",\"props\":{\"content\":\"\n\n<p>Innenraum mit Ozon behandeln<\\\/p>\",\"title\":\"Ozonbehandlung\"}},{\"type\":\"accordion_item\",\"props\":{\"content\":\"\n\n<p>Lackpolitur des gesamten Fahrzeugs<\\\/p>\\n\n\n<p>Reinigung und Versiegelung der<br \\\/>Kunststoffteile<\\\/p>\\n\n\n<p>Felgenreinigung<\\\/p>\\n\n\n<p>Reifen mit Reifenschaum behandeln<\\\/p>\",\"title\":\"Lackpolitur\"}},{\"type\":\"accordion_item\",\"props\":{\"content\":\"\n\n<p>Motorraum reinigen.<\\\/p>\\n\n\n<p>Trocknen.<\\\/p>\\n\n\n<p>Spezialspray auftragen.<\\\/p>\",\"title\":\"Motorraum-Versiegeln mit Antimarderspray\"}},{\"type\":\"accordion_item\",\"props\":{\"content\":\"\n\n<p>Handw\\u00e4sche mit Vorreiniger.<\\\/p>\\n\n\n<p>Politur mit verschiedenen Schleifgraden.<\\\/p>\\n\n\n<p>Vorversiegeln<\\\/p>\\n\n\n<p>Hauptversiegelung<\\\/p>\",\"title\":\"Keramikversiegelung PKW\"}},{\"type\":\"accordion_item\",\"props\":{\"content\":\"\n\n<p>Innenraum saugen.<\\\/p>\\n\n\n<p>Alle Oberfl\\u00e4chen mit Reinigungspistole s\\u00e4ubern.<\\\/p>\\n\n\n<p>Au\\u00dfen W\\u00e4sche mit Vorreiniger inklusive Einstiege von Hand.<\\\/p>\\n\n\n<p>Scheiben von innen und au\\u00dfen reinigen.<\\\/p>\\n\n\n<p>Politur der gesamten Lackoberfl\\u00e4che<\\\/p>\\n\n\n<p>Wachs Versiegelung<\\\/p>\",\"title\":\"Innen- und Au\\u00dfen Reinigung, Politur PKW\"}},{\"type\":\"accordion_item\",\"props\":{\"content\":\"\n\n<p>Fahrzeug abholen und bringen.<\\\/p>\",\"title\":\"Hol und Bring Service\"}},{\"type\":\"accordion_item\",\"props\":{\"content\":\"\n\n<p>Handw\\u00e4sche mit Vorreiniger.<\\\/p>\\n\n\n<p>Trocknung Lackoberfl\\u00e4che<\\\/p>\\n\n\n<p>Wachsversiegelung mit Maschine oder von Hand<\\\/p>\\n\n\n<p>Reinigung der Scheiben von innen und au\\u00dfen<\\\/p>\",\"title\":\"Fahrzeug abholen und bringen.\"}},{\"type\":\"accordion_item\",\"props\":{\"content\":\"\n\n<p>Innenraum saugen<\\\/p>\\n\n\n<p>Polster Reinigen und mit Extraktionsger\\u00e4t absaugen<\\\/p>\\n\n\n<p>Alle Oberfl\\u00e4chen mit Reinigungspistole s\\u00e4ubern.<\\\/p>\\n\n\n<p>Au\\u00dfenw\\u00e4sche mit Glanzshampoo inklusive Einstiege von Hand.<\\\/p>\\n\n\n<p>Scheiben von innen und au\\u00dfen reinigen<\\\/p>\\n\n\n<p>Geruchsabsorber auf alle Polster und Fl\\u00e4chen aufbringen<\\\/p>\\n\n\n<p>Ozon Behandlung<\\\/p>\",\"title\":\"Geruchsentfernung mit Ozonbehandlung\"}},{\"type\":\"accordion_item\",\"props\":{\"content\":\"\n\n<p>Die Aufkleber entfernt und stelle mit Politur bearbeitet<\\\/p>\",\"title\":\"Aufkleberentfernung\"}},{\"type\":\"accordion_item\",\"props\":{\"content\":\"\n\n<p>Verdeck mit Spezialb\\u00fcrste und Reiniger reinigen<\\\/p>\\n\n\n<p>Trocknen und dann versiegeln<\\\/p>\",\"title\":\"Cabrioverdeckreinigung \\\/ Versiegeln \\\/ Handw\\u00e4sche inklusive\"}},{\"type\":\"accordion_item\",\"props\":{\"content\":\"\n\n<p>Innenraum saugen<\\\/p>\\n\n\n<p>Alle Oberfl\\u00e4chen mit Reinigungspistole s\\u00e4ubern<\\\/p>\\n\n\n<p>Au\\u00dfen W\\u00e4sche mit Glanzshampoo inklusive Einstiege von Hand.<\\\/p>\\n\n\n<p>Scheiben von innen und au\\u00dfen reinigen.<\\\/p>\",\"title\":\"Fahrzeugreinigung \\u201eEinfach\\u201c Waschen und Saugen\"}}]}]},{\"type\":\"column\",\"props\":{\"image_position\":\"center-center\",\"position_sticky_breakpoint\":\"m\",\"width_medium\":\"1-2\"},\"children\":[{\"type\":\"accordion\",\"props\":{\"collapsible\":true,\"content_column_breakpoint\":\"m\",\"image_align\":\"top\",\"image_grid_breakpoint\":\"m\",\"image_grid_width\":\"1-2\",\"image_svg_color\":\"emphasis\",\"link_style\":\"default\",\"link_text\":\"Read more\",\"show_image\":true,\"show_link\":true},\"children\":[{\"type\":\"accordion_item\",\"props\":{\"content\":\"\n\n<p>Leder reinigen<\\\/p>\\n\n\n<p>Lederpflege einarbeiten und ab polieren<\\\/p>\",\"title\":\"Lederpflege\"}},{\"type\":\"accordion_item\",\"props\":{\"content\":\"\n\n<p>Oberfl\\u00e4che vorbereiten und Lackieren<\\\/p>\",\"title\":\"Lackieren\"}},{\"type\":\"accordion_item\",\"props\":{\"content\":\"\n\n<p>Reinigung durch Ozon oder Spezialmittel<\\\/p>\",\"title\":\"Klimaanlage Desinfektion\"}},{\"type\":\"accordion_item\",\"props\":{\"content\":\"\n\n<p>Reinigung mit Reinigungspistole und Reiniger<\\\/p>\",\"title\":\"Kindersitzreinigung\"}},{\"type\":\"accordion_item\",\"props\":{\"content\":\"\n\n<p>Oberfl\\u00e4che mit Schleifpapier gleichm\\u00e4\\u00dfig angeschliffen und dann mit verschiedenen Schleifpasten aufpoliert.<\\\/p>\",\"title\":\"Scheinwerfer Aufarbeitung\"}},{\"type\":\"accordion_item\",\"props\":{\"content\":\"\n\n<p>Folierung vom gesamten Fahrzeug entfernen<\\\/p>\",\"title\":\"Folierung entfernen\"}},{\"type\":\"accordion_item\",\"props\":{\"content\":\"\n\n<p>Felgen von Hand mit Spezialreiniger reinigen.<\\\/p>\",\"title\":\"Felgenreinigung\"}},{\"type\":\"accordion_item\",\"props\":{\"content\":\"\n\n<p>Folierung vom gesamten Fahrzeug inklusive Vorarbeiten.<\\\/p>\",\"title\":\"Fahrzeug Folierung\"}},{\"type\":\"accordion_item\",\"props\":{\"content\":\"\n\n<p>Reparatur Brandloch<\\\/p>\",\"title\":\"Brandlochbeseitigung\"}},{\"type\":\"accordion_item\",\"props\":{\"content\":\"\n\n<p>Anwendung:<\\\/p>\\n\n\n<p>Innenraumreiniger<\\\/p>\\n\n\n<p>Vorreiniger<\\\/p>\\n\n\n<p>Reiniger Anwendung Allgemein<\\\/p>\\n\n\n<p>Innenraumreinigen<\\\/p>\\n\n\n<p>Politur \\\/ Lackaufbereitung<\\\/p>\\n\n\n<p>Hochwertige Versiegelungen<\\\/p>\\n\n\n<p>Produktschulung<\\\/p>\",\"title\":\"Autoaufbereiterschulung\"}},{\"type\":\"accordion_item\",\"props\":{\"content\":\"\n\n<p>Die Delle wird kalt gedr\\u00fcckt ohne Lackierung<\\\/p>\",\"title\":\"Dellen beseitigen\"}},{\"type\":\"accordion_item\",\"props\":{\"content\":\"\n\n<p>Innenraum saugen<\\\/p>\\n\n\n<p>Polster Reinigen und mit Extrationsger\\u00e4t absaugen<\\\/p>\\n\n\n<p>Alle Oberfl\\u00e4chen mit Reinigungspistole s\\u00e4ubern<\\\/p>\\n\n\n<p>Au\\u00dfen W\\u00e4sche mit Glanzshampoo inklusive Einstiege von Hand.<\\\/p>\\n\n\n<p>Scheiben von innen und au\\u00dfen reinigen.<\\\/p>\",\"title\":\"Fahrzeugreinigung \\u201eintensiv\\u201c inklusive W\\u00e4sche\"}}]}]}]}]},{\"type\":\"section\",\"props\":{\"image_position\":\"center-center\",\"style\":\"default\",\"title_breakpoint\":\"xl\",\"title_position\":\"top-left\",\"title_rotation\":\"left\",\"vertical_align\":\"middle\",\"width\":\"default\"},\"children\":[{\"type\":\"row\",\"children\":[{\"type\":\"column\",\"props\":{\"image_position\":\"center-center\",\"position_sticky_breakpoint\":\"m\"},\"children\":[{\"type\":\"slideshow\",\"props\":{\"link_style\":\"default\",\"link_text\":\"Read more\",\"margin\":\"default\",\"meta_align\":\"below-title\",\"meta_element\":\"div\",\"meta_style\":\"text-meta\",\"nav\":\"dotnav\",\"nav_align\":\"center\",\"nav_breakpoint\":\"s\",\"nav_position\":\"bottom-center\",\"nav_position_margin\":\"medium\",\"overlay_animation\":\"parallax\",\"overlay_position\":\"center-left\",\"show_content\":true,\"show_link\":true,\"show_meta\":true,\"show_thumbnail\":true,\"show_title\":true,\"slidenav\":\"default\",\"slidenav_breakpoint\":\"s\",\"slidenav_margin\":\"medium\",\"slidenav_outside_breakpoint\":\"xl\",\"slideshow_autoplay\":true,\"slideshow_autoplay_pause\":true,\"slideshow_box_decoration\":\"shadow\",\"slideshow_box_shadow\":\"medium\",\"slideshow_min_height\":300,\"slideshow_velocity\":\"1.5\",\"thumbnav_height\":\"75\",\"thumbnav_svg_color\":\"emphasis\",\"thumbnav_width\":\"100\",\"title_element\":\"h3\"},\"children\":[{\"type\":\"slideshow_item\",\"props\":{\"image\":\"wp-content\\\/uploads\\\/2024\\\/12\\\/20396-scaled.jpg\"}},{\"type\":\"slideshow_item\",\"props\":{\"image\":\"wp-content\\\/uploads\\\/2024\\\/12\\\/20403-scaled.jpg\"}},{\"type\":\"slideshow_item\",\"props\":{\"image\":\"wp-content\\\/uploads\\\/2024\\\/12\\\/20396-Kopie-scaled.jpg\"}},{\"type\":\"slideshow_item\",\"props\":{\"image\":\"wp-content\\\/uploads\\\/2024\\\/12\\\/18454-scaled.jpg\"}},{\"type\":\"slideshow_item\",\"props\":{\"image\":\"wp-content\\\/uploads\\\/2024\\\/12\\\/18453-scaled.jpg\"}},{\"type\":\"slideshow_item\",\"props\":{\"image\":\"wp-content\\\/uploads\\\/2024\\\/12\\\/18451-scaled.jpg\"}},{\"type\":\"slideshow_item\",\"props\":{\"image\":\"wp-content\\\/uploads\\\/2024\\\/12\\\/23122-scaled.jpg\"}},{\"type\":\"slideshow_item\",\"props\":{\"image\":\"wp-content\\\/uploads\\\/2024\\\/12\\\/23123-Kopie-scaled.jpg\"}},{\"type\":\"slideshow_item\",\"props\":{\"image\":\"wp-content\\\/uploads\\\/2024\\\/12\\\/20394-scaled.jpg\"}}]}]}]}]}],\"version\":\"4.4.16\"} --><\/p>\n","protected":false},"excerpt":{"rendered":"<p>Perfekte Pflege f\u00fcr Ihr Fahrzeug: Profi-Autopflege Schumacher in Siegburg Bei der Profi-Autopflege Schumacher in Siegburg steht Ihr Fahrzeug im Mittelpunkt. Unser erfahrenes Team bietet Ihnen eine umfassende Palette an Dienstleistungen, die von gr\u00fcndlichen Innen- und Au\u00dfenreinigungen bis hin zu speziellen Lackaufbereitungen und Versiegelungen reichen. Mit modernster Technik und hochwertigen Pflegeprodukten sorgen wir daf\u00fcr, dass Ihr [&hellip;]<\/p>\n","protected":false},"author":2,"featured_media":0,"parent":0,"menu_order":0,"comment_status":"closed","ping_status":"closed","template":"","meta":{"footnotes":""},"class_list":["post-68","page","type-page","status-publish","hentry"],"_links":{"self":[{"href":"https:\/\/www.profiautopflege-schumacher.de\/index.php?rest_route=\/wp\/v2\/pages\/68","targetHints":{"allow":["GET"]}}],"collection":[{"href":"https:\/\/www.profiautopflege-schumacher.de\/index.php?rest_route=\/wp\/v2\/pages"}],"about":[{"href":"https:\/\/www.profiautopflege-schumacher.de\/index.php?rest_route=\/wp\/v2\/types\/page"}],"author":[{"embeddable":true,"href":"https:\/\/www.profiautopflege-schumacher.de\/index.php?rest_route=\/wp\/v2\/users\/2"}],"replies":[{"embeddable":true,"href":"https:\/\/www.profiautopflege-schumacher.de\/index.php?rest_route=%2Fwp%2Fv2%2Fcomments&post=68"}],"version-history":[{"count":55,"href":"https:\/\/www.profiautopflege-schumacher.de\/index.php?rest_route=\/wp\/v2\/pages\/68\/revisions"}],"predecessor-version":[{"id":516,"href":"https:\/\/www.profiautopflege-schumacher.de\/index.php?rest_route=\/wp\/v2\/pages\/68\/revisions\/516"}],"wp:attachment":[{"href":"https:\/\/www.profiautopflege-schumacher.de\/index.php?rest_route=%2Fwp%2Fv2%2Fmedia&parent=68"}],"curies":[{"name":"wp","href":"https:\/\/api.w.org\/{rel}","templated":true}]}}