{"id":16,"date":"2024-10-14T16:06:34","date_gmt":"2024-10-14T14:06:34","guid":{"rendered":"https:\/\/www.profiautopflege-schumacher.de\/?page_id=16"},"modified":"2026-02-12T13:01:15","modified_gmt":"2026-02-12T12:01:15","slug":"kontakt","status":"publish","type":"page","link":"https:\/\/www.profiautopflege-schumacher.de\/?page_id=16","title":{"rendered":"Kontakt"},"content":{"rendered":"<h1>Kontakt <br \/>Profi &#8211; Autopflege Schumacher<\/h1>\n<hr>\n<h3>Adresse<\/h3>\n<div>\n<p>Heisterstra\u00dfe 3<\/p>\n<p>53819 Neunkirchen-Seelscheid<\/p>\n<p>Auf dem Gel\u00e4nde der N. M\u00fcller GmbH<\/p>\n<\/div>\n<hr>\n<p><img decoding=\"async\" src=\"\/wp-content\/uploads\/2024\/12\/20417-Kopie-scaled.jpg\" alt=\"\"><\/p>\n<h4>Der Versiegelungs-Profi<br \/>Kermaik, Wachs und Polymere<\/h4>\n<h3>Kontaktdaten<\/h3>\n<div>\n<p>Telefon: 02241 2610900<\/p>\n<p>Mobil: 0177 9579009<\/p>\n<p><a href=\"mailto:info@profiautopflege-schumacher.de\">info@profiautopflege-schumacher.de<\/a><\/p>\n<\/p>\n<\/div>\n<hr>\n<p><img decoding=\"async\" src=\"\/wp-content\/uploads\/2024\/12\/20211-scaled.jpg\" alt=\"\"><\/p>\n<h3>\u00d6ffnungszeiten<\/h3>\n<table>\n<tbody>\n<tr>\n<td>Montag <\/td>\n<td>\n<p>08:00\u00a0 &#8211; 17:00 Uhr<\/p>\n<\/td>\n<\/tr>\n<tr>\n<td>Dienstag<\/td>\n<td>\n<p>08:00\u00a0 &#8211; 17:00 Uhr<\/p>\n<\/td>\n<\/tr>\n<tr>\n<td>Mittwoch <\/td>\n<td>\n<p>08:00\u00a0 &#8211; 17:00 Uhr<\/p>\n<\/td>\n<\/tr>\n<tr>\n<td>Donnerstag<\/td>\n<td>\n<p>08:00\u00a0 &#8211; 17:00 Uhr<\/p>\n<\/td>\n<\/tr>\n<tr>\n<td>Freitag<\/td>\n<td>\n<p>08:00\u00a0 &#8211; 17:00 Uhr<\/p>\n<\/td>\n<\/tr>\n<tr>\n<td>Samstag<\/td>\n<td>\n<p>nach Terminvereinbarung<\/p>\n<\/td>\n<\/tr>\n<tr>\n<td>Sonntag<\/td>\n<td>\n<p>Geschlossen<\/p>\n<\/td>\n<\/tr>\n<\/tbody>\n<\/table>\n<div>\n<p>50.8001,7.2108<\/p>\n<h3>Profi &#8211; Autopflege Schumacher<\/h3>\n<p>Profi &#8211; Autopflege Schumacher<\/p>\n<\/div>\n<p><!--more--><br \/>\n<!-- {\"type\":\"layout\",\"children\":[{\"type\":\"section\",\"props\":{\"image_position\":\"center-center\",\"style\":\"default\",\"title_breakpoint\":\"xl\",\"title_position\":\"top-left\",\"title_rotation\":\"left\",\"vertical_align\":\"middle\",\"width\":\"default\"},\"children\":[{\"type\":\"row\",\"children\":[{\"type\":\"column\",\"props\":{\"image_position\":\"center-center\",\"position_sticky_breakpoint\":\"m\"},\"children\":[{\"type\":\"headline\",\"props\":{\"content\":\"Kontakt <br \/>Profi - Autopflege Schumacher\",\"image_align\":\"left\",\"image_margin\":\"xsmall\",\"text_align\":\"center\",\"title_element\":\"h1\",\"title_style\":\"h1\"}}]}]},{\"type\":\"row\",\"children\":[{\"type\":\"column\",\"props\":{\"image_position\":\"center-center\",\"position_sticky_breakpoint\":\"m\"},\"children\":[{\"type\":\"divider\",\"props\":{\"divider_element\":\"hr\",\"divider_style\":\"icon\"}}]}]},{\"type\":\"row\",\"props\":{\"layout\":\"1-3,1-3,1-3\"},\"children\":[{\"type\":\"column\",\"props\":{\"image_position\":\"center-center\",\"position_sticky_breakpoint\":\"m\",\"width_medium\":\"1-3\"},\"children\":[{\"type\":\"headline\",\"props\":{\"content\":\"Adresse\",\"image_align\":\"left\",\"image_margin\":\"xsmall\",\"text_align\":\"left\",\"title_element\":\"h3\",\"title_style\":\"h3\"}},{\"type\":\"text\",\"props\":{\"class\":\"uk-text-small uk-panel uk-margin\",\"column_breakpoint\":\"m\",\"content\":\"\n\n<p>Heisterstra\u00dfe 3<\/p>\n\n\\n\n\n<p>53819 Neunkirchen-Seelscheid<\/p>\n\n\\n\n\n<p>Auf dem Gel\u00e4nde der N. M\u00fcller GmbH<\/p>\n\n\",\"css\":\".el-element {\\n  font-size: 1.254em;\\n  line-height: 1.5;\\n  color: #000;\\n  font-family: Verdana, Geneva, sans-serif;\\n  font-weight: 500;\\n  font-style: normal;\\n}\",\"margin_bottom\":\"default\",\"margin_top\":\"default\",\"text_style\":\"small\"}},{\"type\":\"divider\",\"props\":{\"divider_element\":\"hr\",\"divider_style\":\"icon\"}},{\"type\":\"image\",\"props\":{\"image\":\"wp-content\/uploads\/2024\/12\/20417-Kopie-scaled.jpg\",\"image_border\":\"rounded\",\"image_box_decoration\":\"shadow\",\"image_box_shadow\":\"medium\",\"image_svg_color\":\"emphasis\",\"margin_bottom\":\"default\",\"margin_top\":\"default\"}},{\"type\":\"headline\",\"props\":{\"content\":\"Der Versiegelungs-Profi<br \/>Kermaik, Wachs und Polymere\",\"image_align\":\"left\",\"image_margin\":\"xsmall\",\"title_element\":\"h4\",\"title_style\":\"h4\"}}]},{\"type\":\"column\",\"props\":{\"image_position\":\"center-center\",\"position_sticky_breakpoint\":\"m\",\"width_medium\":\"1-3\"},\"children\":[{\"type\":\"headline\",\"props\":{\"content\":\"Kontaktdaten\",\"image_align\":\"left\",\"image_margin\":\"xsmall\",\"title_element\":\"h3\",\"title_style\":\"h3\"}},{\"type\":\"text\",\"props\":{\"attributes\":\"uk-text-lead \",\"class\":\"uk-text-small uk-panel uk-margin\",\"column_breakpoint\":\"m\",\"content\":\"\n\n<p>Telefon: 02241 2610900<\/p>\n\n\\n\n\n<p>Mobil: 0177 9579009<\/p>\n\n\\n\n\n<p><a href=\\\"mailto:info@profiautopflege-schumacher.de\\\">info@profiautopflege-schumacher.de<\/a><\/p>\n\n\\n\n\n\n\n\",\"css\":\".el-element {\\n  font-size: 1.254em;\\n  line-height: 1.5;\\n  color: #000;\\n  font-family: Verdana, Geneva, sans-serif;\\n  font-weight: 500;\\n  font-style: normal;\\n}\\n\",\"dropcap\":false,\"margin_bottom\":\"default\",\"margin_top\":\"default\"}},{\"type\":\"divider\",\"props\":{\"divider_element\":\"hr\",\"divider_style\":\"icon\",\"position\":\"relative\",\"position_top\":\"-19\"}},{\"type\":\"image\",\"props\":{\"image\":\"wp-content\/uploads\/2024\/12\/20211-scaled.jpg\",\"image_border\":\"rounded\",\"image_box_decoration\":\"shadow\",\"image_box_shadow\":\"medium\",\"image_svg_color\":\"emphasis\",\"margin_bottom\":\"default\",\"margin_top\":\"default\",\"position\":\"relative\",\"position_top\":\"-18\"}},{\"type\":\"image\",\"props\":{\"image\":\"\",\"image_svg_color\":\"emphasis\",\"margin_bottom\":\"default\",\"margin_top\":\"default\"}}]},{\"type\":\"column\",\"props\":{\"image_position\":\"center-center\",\"position_sticky_breakpoint\":\"m\",\"width_medium\":\"1-3\"},\"children\":[{\"type\":\"headline\",\"props\":{\"content\":\"\u00d6ffnungszeiten\",\"image_align\":\"left\",\"image_margin\":\"xsmall\",\"title_element\":\"h3\",\"title_style\":\"h3\"}},{\"type\":\"table\",\"props\":{\"content_style\":\"text-lead\",\"image_svg_color\":\"emphasis\",\"link_style\":\"default\",\"link_text\":\"Read more\",\"maxwidth\":\"xlarge\",\"meta_style\":\"text-lead\",\"show_content\":true,\"show_image\":false,\"show_link\":false,\"show_meta\":true,\"show_title\":true,\"table_last_align\":\"left\",\"table_order\":\"1\",\"table_responsive\":\"overflow\",\"table_vertical_align\":false,\"table_width_content\":\"medium\",\"table_width_meta\":\"\",\"table_width_title\":\"medium\",\"text_align\":\"left\",\"title_style\":\"text-lead\"},\"children\":[{\"type\":\"table_item\",\"props\":{\"content\":\"\n\n<p>08:00\u00a0 - 17:00 Uhr<\/p>\n\n\",\"title\":\"Montag \"}},{\"type\":\"table_item\",\"props\":{\"content\":\"\n\n<p>08:00\u00a0 - 17:00 Uhr<\/p>\n\n\",\"title\":\"Dienstag\"}},{\"type\":\"table_item\",\"props\":{\"content\":\"\n\n<p>08:00\u00a0 - 17:00 Uhr<\/p>\n\n\",\"title\":\"Mittwoch \"}},{\"type\":\"table_item\",\"props\":{\"content\":\"\n\n<p>08:00\u00a0 - 17:00 Uhr<\/p>\n\n\",\"title\":\"Donnerstag\"}},{\"type\":\"table_item\",\"props\":{\"content\":\"\n\n<p>08:00\u00a0 - 17:00 Uhr<\/p>\n\n\",\"title\":\"Freitag\"}},{\"type\":\"table_item\",\"props\":{\"content\":\"\n\n<p>nach Terminvereinbarung<\/p>\n\n\",\"title\":\"Samstag\"}},{\"type\":\"table_item\",\"props\":{\"content\":\"\n\n<p>Geschlossen<\/p>\n\n\",\"title\":\"Sonntag\"}}]}]}]}]},{\"type\":\"section\",\"props\":{\"image_position\":\"center-center\",\"style\":\"default\",\"title_breakpoint\":\"xl\",\"title_position\":\"top-left\",\"title_rotation\":\"left\",\"vertical_align\":\"middle\",\"width\":\"default\"},\"children\":[{\"type\":\"row\",\"children\":[{\"type\":\"column\",\"props\":{\"image_position\":\"center-center\",\"position_sticky_breakpoint\":\"m\"},\"children\":[{\"type\":\"map\",\"props\":{\"controls\":true,\"dragging\":true,\"image_svg_color\":\"emphasis\",\"link_style\":\"default\",\"link_text\":\"Read more\",\"margin_bottom\":\"default\",\"margin_top\":\"default\",\"max_zoom\":18,\"meta_align\":\"below-title\",\"meta_element\":\"div\",\"meta_style\":\"text-meta\",\"min_zoom\":0,\"poi\":false,\"show_content\":false,\"show_image\":false,\"show_link\":false,\"show_meta\":true,\"show_title\":false,\"title_element\":\"h3\",\"title_hover_style\":\"reset\",\"type\":\"roadmap\",\"zoom\":10,\"zooming\":true},\"children\":[{\"type\":\"map_item\",\"props\":{\"hide\":false,\"location\":\"50.8001,7.2108\",\"meta\":\"Profi - Autopflege Schumacher\",\"show_popup\":true,\"title\":\"Profi - Autopflege Schumacher\"}}]}]}]}]},{\"type\":\"section\",\"props\":{\"image_position\":\"center-center\",\"style\":\"default\",\"title_breakpoint\":\"xl\",\"title_position\":\"top-left\",\"title_rotation\":\"left\",\"vertical_align\":\"middle\",\"width\":\"default\"},\"children\":[{\"type\":\"row\",\"children\":[{\"type\":\"column\",\"props\":{\"image_position\":\"center-center\",\"position_sticky_breakpoint\":\"m\"}}]}]}],\"version\":\"5.0.13\"} --><\/p>\n","protected":false},"excerpt":{"rendered":"<p>Kontakt Profi &#8211; Autopflege Schumacher Adresse Heisterstra\u00dfe 3 53819 Neunkirchen-Seelscheid Auf dem Gel\u00e4nde der N. M\u00fcller GmbH Der Versiegelungs-ProfiKermaik, Wachs und Polymere Kontaktdaten Telefon: 02241 2610900 Mobil: 0177 9579009 info@profiautopflege-schumacher.de \u00d6ffnungszeiten Montag 08:00\u00a0 &#8211; 17:00 Uhr Dienstag 08:00\u00a0 &#8211; 17:00 Uhr Mittwoch 08:00\u00a0 &#8211; 17:00 Uhr Donnerstag 08:00\u00a0 &#8211; 17:00 Uhr Freitag 08:00\u00a0 &#8211; 17:00 [&hellip;]<\/p>\n","protected":false},"author":2,"featured_media":0,"parent":0,"menu_order":0,"comment_status":"closed","ping_status":"closed","template":"","meta":{"footnotes":""},"class_list":["post-16","page","type-page","status-publish","hentry"],"_links":{"self":[{"href":"https:\/\/www.profiautopflege-schumacher.de\/index.php?rest_route=\/wp\/v2\/pages\/16","targetHints":{"allow":["GET"]}}],"collection":[{"href":"https:\/\/www.profiautopflege-schumacher.de\/index.php?rest_route=\/wp\/v2\/pages"}],"about":[{"href":"https:\/\/www.profiautopflege-schumacher.de\/index.php?rest_route=\/wp\/v2\/types\/page"}],"author":[{"embeddable":true,"href":"https:\/\/www.profiautopflege-schumacher.de\/index.php?rest_route=\/wp\/v2\/users\/2"}],"replies":[{"embeddable":true,"href":"https:\/\/www.profiautopflege-schumacher.de\/index.php?rest_route=%2Fwp%2Fv2%2Fcomments&post=16"}],"version-history":[{"count":148,"href":"https:\/\/www.profiautopflege-schumacher.de\/index.php?rest_route=\/wp\/v2\/pages\/16\/revisions"}],"predecessor-version":[{"id":748,"href":"https:\/\/www.profiautopflege-schumacher.de\/index.php?rest_route=\/wp\/v2\/pages\/16\/revisions\/748"}],"wp:attachment":[{"href":"https:\/\/www.profiautopflege-schumacher.de\/index.php?rest_route=%2Fwp%2Fv2%2Fmedia&parent=16"}],"curies":[{"name":"wp","href":"https:\/\/api.w.org\/{rel}","templated":true}]}}